{"id":395,"date":"2020-09-17T20:15:24","date_gmt":"2020-09-17T20:15:24","guid":{"rendered":"http:\/\/localhost\/?page_id=395"},"modified":"2026-03-25T19:04:35","modified_gmt":"2026-03-25T19:04:35","slug":"regulaciones-y-restricciones","status":"publish","type":"page","link":"https:\/\/www.eps.com.do\/en\/regulaciones-y-restricciones\/","title":{"rendered":"Restricted items and tariffs"},"content":{"rendered":"<p><\/p>\n<h3>The following items are subject to additional charges:<\/h3>\n<ul>\n<li>Vehicle oil<\/li>\n<li>Acetone<\/li>\n<li>Aerosols (pressurized containers)<\/li>\n<li>Alcohols (hand sanitizer in large quantities, etc.)<\/li>\n<li>Shock absorbers<\/li>\n<li>Lithium batteries<\/li>\n<li>Paintball guns with cylinders<\/li>\n<li>Electric bicycles with batteries included<\/li>\n<li>Self-inflating bags<\/li>\n<li>Oxygen tanks<\/li>\n<li>Lighter refill canisters<\/li>\n<li>Explosive charges for nail guns<\/li>\n<li>Screen cylinders<\/li>\n<li>Seat belts<\/li>\n<li>Fuels<\/li>\n<li>Disinfectants<\/li>\n<li>Thinner<\/li>\n<li>Personal documents such as passport, ID, credit cards, social security, etc.<\/li>\n<li>Nail polish<\/li>\n<li>Matches<\/li>\n<li>Shaving gel spray<\/li>\n<li>CD and DVD cleaners containing petroleum<\/li>\n<li>Drain cleaners (pipe openers and solvents)<\/li>\n<li>Compressed wood for BBQ\/barbecue<\/li>\n<li>Radioactive material<\/li>\n<li>Electric scooters with batteries included<\/li>\n<li>Flammable glue<\/li>\n<li>Perfumes<\/li>\n<li>Paints<\/li>\n<li>Cleaning products<\/li>\n<li>Diving tanks<\/li>\n<li>Propane tanks<\/li>\n<\/ul>\n<p><strong>Other hazardous materials (require MSDS for transport):<\/strong><\/p>\n<ul>\n<li>Dry ice<\/li>\n<li>Gasoline-powered tools or equipment<\/li>\n<li>Batteries<\/li>\n<li>Camping equipment with fuel<\/li>\n<li>Radioactive materials (including radioactive pharmaceuticals)<\/li>\n<li>Poisons<\/li>\n<li>Magnets<\/li>\n<\/ul>\n<p><strong>Household items:<\/strong><\/p>\n<ul>\n<li>Drain cleaners (pipe openers and solvents)<\/li>\n<li>Cleaning products<\/li>\n<li>Lighters<\/li>\n<\/ul>\n<p><strong>The following items are prohibited from shipping:<\/strong><\/p>\n<p>The following items may not be transported and\/or are prohibited by current laws for safety reasons.<br \/>\n*Importing them requires special permits. Depending on the type of item, these may include phytosanitary permits, health certificates, among others as applicable.*<\/p>\n<ul>\n<li>Animals<\/li>\n<li>Airsoft weapons<\/li>\n<li>TASERs or electric stun guns<\/li>\n<li>Weapons and accessories<\/li>\n<li>Ammunition<\/li>\n<li>Cash<\/li>\n<li>Narcotic drugs<\/li>\n<li>Flowers<\/li>\n<li>Pepper spray<\/li>\n<li>Hookahs<\/li>\n<li>Eggs<\/li>\n<li>Pornographic material<\/li>\n<li>Telescopic sights (scopes)<\/li>\n<li>Paintball guns<\/li>\n<li>Plants<\/li>\n<li>Feathers<\/li>\n<li>Explosive, flammable, and corrosive chemicals<\/li>\n<li>Seeds<\/li>\n<li>Charcoal<\/li>\n<li>Lighters<\/li>\n<\/ul>\n<h3>MOST COMMON ITEMS SUBJECT TO TAXES (VALUE OVER US$200.00)<\/h3>\n<p><strong>Selective Consumption Tax (ISC)<\/strong><\/p>\n<ul>\n<li>Carpets<\/li>\n<li>Weapons<\/li>\n<li>Alcoholic beverages<\/li>\n<li>Home appliances<\/li>\n<li>Audio equipment or televisions<\/li>\n<li>Jewelry<\/li>\n<li>Perfumes<\/li>\n<li>Tobacco<\/li>\n<li>Yachts<\/li>\n<\/ul>\n<p><strong>Items subject to duty + selective tax + VAT (ITBIS)<\/strong><\/p>\n<ul>\n<li>Televisions<\/li>\n<li>Jewelry and costume jewelry<\/li>\n<li>Gold and silver watches<\/li>\n<li>Music devices (MP3, MP4, cassette players)<\/li>\n<li>Digital and video cameras<\/li>\n<li>DVD players<\/li>\n<\/ul>\n<p><strong>Items subject to duty + VAT (ITBIS)<\/strong><\/p>\n<ul>\n<li>Cell phone accessories<\/li>\n<li>Headphones<\/li>\n<li>Speakers<\/li>\n<li>Speakers for audio systems<\/li>\n<li>Vehicle bumpers<\/li>\n<li>TV decoder boxes<\/li>\n<li>Digital and video cameras<\/li>\n<li>Wallets, backpacks, and bags<\/li>\n<li>Cell phones<\/li>\n<li>Colognes\/toilet water<\/li>\n<li>Music components<\/li>\n<li>Creams<\/li>\n<li>DVD players<\/li>\n<li>Jewelry and costume jewelry<\/li>\n<li>Toys<\/li>\n<li>Vehicle lights<\/li>\n<li>Makeup<\/li>\n<li>Tires<\/li>\n<li>Electric scooters and bicycles<\/li>\n<li>Projectors<\/li>\n<li>Communication radios<\/li>\n<li>Watches<\/li>\n<li>Vehicle spare parts<\/li>\n<li>Clothing and footwear<\/li>\n<li>Powder supplements<\/li>\n<li>Video games and consoles<\/li>\n<li>Tablet supplements<\/li>\n<\/ul>\n<p><strong>Items subject only to VAT (ITBIS)<\/strong><\/p>\n<ul>\n<li>Computers<\/li>\n<li>Scanners<\/li>\n<li>Printers<\/li>\n<li>Laptops<\/li>\n<li>Computer monitors and speakers<\/li>\n<li>Mice<\/li>\n<li>Routers<\/li>\n<li>Tablets<\/li>\n<li>Keyboards<\/li>\n<li>Toners<\/li>\n<li>Webcams<\/li>\n<\/ul>\n<p><strong>Tax-exempt items:<\/strong><\/p>\n<ul>\n<li>Books<\/li>\n<li>Security cameras<\/li>\n<\/ul>\n<p><\/p>","protected":false},"excerpt":{"rendered":"<p>The following items are subject to additional charges: Vehicle oil Acetone Aerosols (pressurized containers) Alcohols (hand sanitizer in large quantities, etc.) Shock absorbers Lithium batteries Paintball guns with cylinders Electric bicycles with [&hellip;]<\/p>\n","protected":false},"author":8,"featured_media":0,"parent":0,"menu_order":0,"comment_status":"closed","ping_status":"closed","template":"","meta":{"_acf_changed":false,"footnotes":""},"class_list":["post-395","page","type-page","status-publish","hentry"],"acf":[],"yoast_head":"<!-- This site is optimized with the Yoast SEO plugin v27.2 - https:\/\/yoast.com\/product\/yoast-seo-wordpress\/ -->\n<title>Restricted items and tariffs - EPS<\/title>\n<meta name=\"description\" content=\"Conoce las restricciones y regulaciones al momento de enviar y recibir paquetes a nivel internacional y nacional.\" \/>\n<meta name=\"robots\" content=\"index, follow, max-snippet:-1, max-image-preview:large, max-video-preview:-1\" \/>\n<link rel=\"canonical\" href=\"https:\/\/www.eps.com.do\/en\/regulaciones-y-restricciones\/\" \/>\n<meta property=\"og:locale\" content=\"en_US\" \/>\n<meta property=\"og:type\" content=\"article\" \/>\n<meta property=\"og:title\" content=\"Regulaciones y restricciones\" \/>\n<meta property=\"og:description\" content=\"No est\u00e1 permitido el env\u00edo de los siguientes art\u00edculos:\" \/>\n<meta property=\"og:url\" content=\"https:\/\/www.eps.com.do\/en\/regulaciones-y-restricciones\/\" \/>\n<meta property=\"og:site_name\" content=\"EPS\" \/>\n<meta property=\"article:publisher\" content=\"https:\/\/www.facebook.com\/EPSINTL\/?locale=es_LA\" \/>\n<meta property=\"article:modified_time\" content=\"2026-03-25T19:04:35+00:00\" \/>\n<meta property=\"og:image\" content=\"https:\/\/www.eps.com.do\/wp-content\/uploads\/2025\/04\/eps.jpg\" \/>\n\t<meta property=\"og:image:width\" content=\"1200\" \/>\n\t<meta property=\"og:image:height\" content=\"675\" \/>\n\t<meta property=\"og:image:type\" content=\"image\/jpeg\" \/>\n<meta name=\"twitter:card\" content=\"summary_large_image\" \/>\n<meta name=\"twitter:title\" content=\"Regulaciones y restricciones\" \/>\n<meta name=\"twitter:description\" content=\"No est\u00e1 permitido el env\u00edo de los siguientes art\u00edculos:\" \/>\n<meta name=\"twitter:label1\" content=\"Est. reading time\" \/>\n\t<meta name=\"twitter:data1\" content=\"2 minutes\" \/>\n<script type=\"application\/ld+json\" class=\"yoast-schema-graph\">{\"@context\":\"https:\/\/schema.org\",\"@graph\":[{\"@type\":\"WebPage\",\"@id\":\"https:\/\/www.eps.com.do\/en\/regulaciones-y-restricciones\/\",\"url\":\"https:\/\/www.eps.com.do\/en\/regulaciones-y-restricciones\/\",\"name\":\"Restricted items and tariffs - EPS\",\"isPartOf\":{\"@id\":\"https:\/\/www.eps.com.do\/en\/#website\"},\"datePublished\":\"2020-09-17T20:15:24+00:00\",\"dateModified\":\"2026-03-25T19:04:35+00:00\",\"description\":\"Conoce las restricciones y regulaciones al momento de enviar y recibir paquetes a nivel internacional y nacional.\",\"inLanguage\":\"en-US\",\"potentialAction\":[{\"@type\":\"ReadAction\",\"target\":[[\"https:\/\/www.eps.com.do\/en\/regulaciones-y-restricciones\/\"]]}]},{\"@type\":\"WebSite\",\"@id\":\"https:\/\/www.eps.com.do\/en\/#website\",\"url\":\"https:\/\/www.eps.com.do\/en\/\",\"name\":\"EPS\",\"description\":\"Transportamos tus env\u00edos y cargas con la mayor rapidez y seguridad\",\"publisher\":{\"@id\":\"https:\/\/www.eps.com.do\/en\/#organization\"},\"alternateName\":\"Express Parcel Service International\",\"potentialAction\":[{\"@type\":\"SearchAction\",\"target\":{\"@type\":\"EntryPoint\",\"urlTemplate\":\"https:\/\/www.eps.com.do\/en\/?s={search_term_string}\"},\"query-input\":{\"@type\":\"PropertyValueSpecification\",\"valueRequired\":true,\"valueName\":\"search_term_string\"}}],\"inLanguage\":\"en-US\"},{\"@type\":\"Organization\",\"@id\":\"https:\/\/www.eps.com.do\/en\/#organization\",\"name\":\"EPS\",\"alternateName\":\"EPS\",\"url\":\"https:\/\/www.eps.com.do\/en\/\",\"logo\":{\"@type\":\"ImageObject\",\"inLanguage\":\"en-US\",\"@id\":\"https:\/\/www.eps.com.do\/en\/#\/schema\/logo\/image\/\",\"url\":\"https:\/\/www.eps.com.do\/wp-content\/uploads\/2025\/04\/logo-eps.jpg\",\"contentUrl\":\"https:\/\/www.eps.com.do\/wp-content\/uploads\/2025\/04\/logo-eps.jpg\",\"width\":696,\"height\":696,\"caption\":\"EPS\"},\"image\":{\"@id\":\"https:\/\/www.eps.com.do\/en\/#\/schema\/logo\/image\/\"},\"sameAs\":[\"https:\/\/www.facebook.com\/EPSINTL\/?locale=es_LA\",\"https:\/\/www.youtube.com\/@EPSCourier\",\"https:\/\/www.instagram.com\/epsintl\/?hl=es\",\"https:\/\/do.linkedin.com\/company\/epsintl\"]}]}<\/script>\n<!-- \/ Yoast SEO plugin. -->","yoast_head_json":{"title":"Restricted items and tariffs - EPS","description":"Conoce las restricciones y regulaciones al momento de enviar y recibir paquetes a nivel internacional y nacional.","robots":{"index":"index","follow":"follow","max-snippet":"max-snippet:-1","max-image-preview":"max-image-preview:large","max-video-preview":"max-video-preview:-1"},"canonical":"https:\/\/www.eps.com.do\/en\/regulaciones-y-restricciones\/","og_locale":"en_US","og_type":"article","og_title":"Regulaciones y restricciones","og_description":"No est\u00e1 permitido el env\u00edo de los siguientes art\u00edculos:","og_url":"https:\/\/www.eps.com.do\/en\/regulaciones-y-restricciones\/","og_site_name":"EPS","article_publisher":"https:\/\/www.facebook.com\/EPSINTL\/?locale=es_LA","article_modified_time":"2026-03-25T19:04:35+00:00","og_image":[{"width":1200,"height":675,"url":"https:\/\/www.eps.com.do\/wp-content\/uploads\/2025\/04\/eps.jpg","type":"image\/jpeg"}],"twitter_card":"summary_large_image","twitter_title":"Regulaciones y restricciones","twitter_description":"No est\u00e1 permitido el env\u00edo de los siguientes art\u00edculos:","twitter_misc":{"Est. reading time":"2 minutes"},"schema":{"@context":"https:\/\/schema.org","@graph":[{"@type":"WebPage","@id":"https:\/\/www.eps.com.do\/en\/regulaciones-y-restricciones\/","url":"https:\/\/www.eps.com.do\/en\/regulaciones-y-restricciones\/","name":"Restricted items and tariffs - EPS","isPartOf":{"@id":"https:\/\/www.eps.com.do\/en\/#website"},"datePublished":"2020-09-17T20:15:24+00:00","dateModified":"2026-03-25T19:04:35+00:00","description":"Conoce las restricciones y regulaciones al momento de enviar y recibir paquetes a nivel internacional y nacional.","inLanguage":"en-US","potentialAction":[{"@type":"ReadAction","target":[["https:\/\/www.eps.com.do\/en\/regulaciones-y-restricciones\/"]]}]},{"@type":"WebSite","@id":"https:\/\/www.eps.com.do\/en\/#website","url":"https:\/\/www.eps.com.do\/en\/","name":"EPS","description":"Transportamos tus env\u00edos y cargas con la mayor rapidez y seguridad","publisher":{"@id":"https:\/\/www.eps.com.do\/en\/#organization"},"alternateName":"Express Parcel Service International","potentialAction":[{"@type":"SearchAction","target":{"@type":"EntryPoint","urlTemplate":"https:\/\/www.eps.com.do\/en\/?s={search_term_string}"},"query-input":{"@type":"PropertyValueSpecification","valueRequired":true,"valueName":"search_term_string"}}],"inLanguage":"en-US"},{"@type":"Organization","@id":"https:\/\/www.eps.com.do\/en\/#organization","name":"EPS","alternateName":"EPS","url":"https:\/\/www.eps.com.do\/en\/","logo":{"@type":"ImageObject","inLanguage":"en-US","@id":"https:\/\/www.eps.com.do\/en\/#\/schema\/logo\/image\/","url":"https:\/\/www.eps.com.do\/wp-content\/uploads\/2025\/04\/logo-eps.jpg","contentUrl":"https:\/\/www.eps.com.do\/wp-content\/uploads\/2025\/04\/logo-eps.jpg","width":696,"height":696,"caption":"EPS"},"image":{"@id":"https:\/\/www.eps.com.do\/en\/#\/schema\/logo\/image\/"},"sameAs":["https:\/\/www.facebook.com\/EPSINTL\/?locale=es_LA","https:\/\/www.youtube.com\/@EPSCourier","https:\/\/www.instagram.com\/epsintl\/?hl=es","https:\/\/do.linkedin.com\/company\/epsintl"]}]}},"_links":{"self":[{"href":"https:\/\/www.eps.com.do\/en\/wp-json\/wp\/v2\/pages\/395","targetHints":{"allow":["GET"]}}],"collection":[{"href":"https:\/\/www.eps.com.do\/en\/wp-json\/wp\/v2\/pages"}],"about":[{"href":"https:\/\/www.eps.com.do\/en\/wp-json\/wp\/v2\/types\/page"}],"author":[{"embeddable":true,"href":"https:\/\/www.eps.com.do\/en\/wp-json\/wp\/v2\/users\/8"}],"replies":[{"embeddable":true,"href":"https:\/\/www.eps.com.do\/en\/wp-json\/wp\/v2\/comments?post=395"}],"version-history":[{"count":1,"href":"https:\/\/www.eps.com.do\/en\/wp-json\/wp\/v2\/pages\/395\/revisions"}],"predecessor-version":[{"id":3827,"href":"https:\/\/www.eps.com.do\/en\/wp-json\/wp\/v2\/pages\/395\/revisions\/3827"}],"wp:attachment":[{"href":"https:\/\/www.eps.com.do\/en\/wp-json\/wp\/v2\/media?parent=395"}],"curies":[{"name":"wp","href":"https:\/\/api.w.org\/{rel}","templated":true}]}}