{"id":371,"date":"2020-09-17T19:08:30","date_gmt":"2020-09-17T19:08:30","guid":{"rendered":"http:\/\/localhost\/?page_id=371"},"modified":"2024-06-14T07:45:07","modified_gmt":"2024-06-14T07:45:07","slug":"tarifas","status":"publish","type":"page","link":"https:\/\/www.eps.com.do\/en\/tarifas\/","title":{"rendered":"Rates"},"content":{"rendered":"<p>Courier service fees are made up of the cost of a pound and various additional charges that are added to that unit cost. These charges are: \u2013 Airport Fee \u2013 Fuel \u2013 Customs clearance service \u2013 Insurance \u2013 Management \u2013 Additional Processing- Storage \u2013 among others, depending on the case.<\/p>\n<p>Packages over US$200.00 are subject to the payment of mandatory taxes and fees from the Dominican customs agency (DGA).<br \/>\nSome rates may vary by agencies or branches.<\/p>\n<p><small>*EPS offers a warranty to all individual and student clients with Priority service through a charge that guarantees that, if your package encounters any issues during the transportation process, our company make up for it up to an FOB (free on board) value of US$199.99. This charge is calculated on the FOB value of your merchandise. Make sure your merchandise is covered by this charge.<\/small><\/p>","protected":false},"excerpt":{"rendered":"<p>Courier service fees are made up of the cost of a pound and various additional charges that are added to that unit cost. These charges are: \u2013 Airport Fee \u2013 Fuel \u2013 [&hellip;]<\/p>\n","protected":false},"author":8,"featured_media":2943,"parent":0,"menu_order":0,"comment_status":"closed","ping_status":"closed","template":"","meta":{"_acf_changed":false,"footnotes":""},"class_list":["post-371","page","type-page","status-publish","has-post-thumbnail","hentry"],"acf":[],"yoast_head":"<!-- This site is optimized with the Yoast SEO plugin v27.2 - https:\/\/yoast.com\/product\/yoast-seo-wordpress\/ -->\n<title>Rates - EPS<\/title>\n<meta name=\"description\" content=\"Contamos tarifas ajustadas a las necesidades de nuestros clientes.\" \/>\n<meta name=\"robots\" content=\"index, follow, max-snippet:-1, max-image-preview:large, max-video-preview:-1\" \/>\n<link rel=\"canonical\" href=\"https:\/\/www.eps.com.do\/en\/tarifas\/\" \/>\n<meta property=\"og:locale\" content=\"en_US\" \/>\n<meta property=\"og:type\" content=\"article\" \/>\n<meta property=\"og:title\" content=\"EPS - Tarifas\" \/>\n<meta property=\"og:description\" content=\"Con EPS puedes traer tus paquetes y mercanc\u00edasabiendo que estar\u00e1 en buenas manos. Facturamos seg\u00fan peso y servicio.\" \/>\n<meta property=\"og:url\" content=\"https:\/\/www.eps.com.do\/en\/tarifas\/\" \/>\n<meta property=\"og:site_name\" content=\"EPS\" \/>\n<meta property=\"article:publisher\" content=\"https:\/\/www.facebook.com\/EPSINTL\/?locale=es_LA\" \/>\n<meta property=\"article:modified_time\" content=\"2024-06-14T07:45:07+00:00\" \/>\n<meta property=\"og:image\" content=\"https:\/\/www.eps.com.do\/wp-content\/uploads\/2025\/04\/eps.jpg\" \/>\n\t<meta property=\"og:image:width\" content=\"1200\" \/>\n\t<meta property=\"og:image:height\" content=\"675\" \/>\n\t<meta property=\"og:image:type\" content=\"image\/jpeg\" \/>\n<meta name=\"twitter:card\" content=\"summary_large_image\" \/>\n<meta name=\"twitter:title\" content=\"EPS - Tarifas\" \/>\n<meta name=\"twitter:description\" content=\"Con EPS puedes traer tus paquetes y mercanc\u00edasabiendo que estar\u00e1 en buenas manos. Facturamos seg\u00fan peso y servicio.\" \/>\n<script type=\"application\/ld+json\" class=\"yoast-schema-graph\">{\"@context\":\"https:\/\/schema.org\",\"@graph\":[{\"@type\":\"WebPage\",\"@id\":\"https:\/\/www.eps.com.do\/en\/tarifas\/\",\"url\":\"https:\/\/www.eps.com.do\/en\/tarifas\/\",\"name\":\"Rates - EPS\",\"isPartOf\":{\"@id\":\"https:\/\/www.eps.com.do\/en\/#website\"},\"primaryImageOfPage\":{\"@id\":\"https:\/\/www.eps.com.do\/en\/tarifas\/#primaryimage\"},\"image\":{\"@id\":\"https:\/\/www.eps.com.do\/tarifas\/#primaryimage\"},\"thumbnailUrl\":\"https:\/\/www.eps.com.do\/wp-content\/uploads\/2024\/06\/tarifaas.jpg\",\"datePublished\":\"2020-09-17T19:08:30+00:00\",\"dateModified\":\"2024-06-14T07:45:07+00:00\",\"description\":\"Contamos tarifas ajustadas a las necesidades de nuestros clientes.\",\"inLanguage\":\"en-US\",\"potentialAction\":[{\"@type\":\"ReadAction\",\"target\":[[\"https:\/\/www.eps.com.do\/en\/tarifas\/\"]]}]},{\"@type\":\"ImageObject\",\"inLanguage\":\"en-US\",\"@id\":\"https:\/\/www.eps.com.do\/en\/tarifas\/#primaryimage\",\"url\":\"https:\/\/www.eps.com.do\/wp-content\/uploads\/2024\/06\/tarifaas.jpg\",\"contentUrl\":\"https:\/\/www.eps.com.do\/wp-content\/uploads\/2024\/06\/tarifaas.jpg\",\"width\":1920,\"height\":1082},{\"@type\":\"WebSite\",\"@id\":\"https:\/\/www.eps.com.do\/en\/#website\",\"url\":\"https:\/\/www.eps.com.do\/en\/\",\"name\":\"EPS\",\"description\":\"Transportamos tus env\u00edos y cargas con la mayor rapidez y seguridad\",\"publisher\":{\"@id\":\"https:\/\/www.eps.com.do\/en\/#organization\"},\"alternateName\":\"Express Parcel Service International\",\"potentialAction\":[{\"@type\":\"SearchAction\",\"target\":{\"@type\":\"EntryPoint\",\"urlTemplate\":\"https:\/\/www.eps.com.do\/en\/?s={search_term_string}\"},\"query-input\":{\"@type\":\"PropertyValueSpecification\",\"valueRequired\":true,\"valueName\":\"search_term_string\"}}],\"inLanguage\":\"en-US\"},{\"@type\":\"Organization\",\"@id\":\"https:\/\/www.eps.com.do\/en\/#organization\",\"name\":\"EPS\",\"alternateName\":\"EPS\",\"url\":\"https:\/\/www.eps.com.do\/en\/\",\"logo\":{\"@type\":\"ImageObject\",\"inLanguage\":\"en-US\",\"@id\":\"https:\/\/www.eps.com.do\/en\/#\/schema\/logo\/image\/\",\"url\":\"https:\/\/www.eps.com.do\/wp-content\/uploads\/2025\/04\/logo-eps.jpg\",\"contentUrl\":\"https:\/\/www.eps.com.do\/wp-content\/uploads\/2025\/04\/logo-eps.jpg\",\"width\":696,\"height\":696,\"caption\":\"EPS\"},\"image\":{\"@id\":\"https:\/\/www.eps.com.do\/en\/#\/schema\/logo\/image\/\"},\"sameAs\":[\"https:\/\/www.facebook.com\/EPSINTL\/?locale=es_LA\",\"https:\/\/www.youtube.com\/@EPSCourier\",\"https:\/\/www.instagram.com\/epsintl\/?hl=es\",\"https:\/\/do.linkedin.com\/company\/epsintl\"]}]}<\/script>\n<!-- \/ Yoast SEO plugin. -->","yoast_head_json":{"title":"Rates - EPS","description":"Contamos tarifas ajustadas a las necesidades de nuestros clientes.","robots":{"index":"index","follow":"follow","max-snippet":"max-snippet:-1","max-image-preview":"max-image-preview:large","max-video-preview":"max-video-preview:-1"},"canonical":"https:\/\/www.eps.com.do\/en\/tarifas\/","og_locale":"en_US","og_type":"article","og_title":"EPS - Tarifas","og_description":"Con EPS puedes traer tus paquetes y mercanc\u00edasabiendo que estar\u00e1 en buenas manos. Facturamos seg\u00fan peso y servicio.","og_url":"https:\/\/www.eps.com.do\/en\/tarifas\/","og_site_name":"EPS","article_publisher":"https:\/\/www.facebook.com\/EPSINTL\/?locale=es_LA","article_modified_time":"2024-06-14T07:45:07+00:00","og_image":[{"width":1200,"height":675,"url":"https:\/\/www.eps.com.do\/wp-content\/uploads\/2025\/04\/eps.jpg","type":"image\/jpeg"}],"twitter_card":"summary_large_image","twitter_title":"EPS - Tarifas","twitter_description":"Con EPS puedes traer tus paquetes y mercanc\u00edasabiendo que estar\u00e1 en buenas manos. Facturamos seg\u00fan peso y servicio.","schema":{"@context":"https:\/\/schema.org","@graph":[{"@type":"WebPage","@id":"https:\/\/www.eps.com.do\/en\/tarifas\/","url":"https:\/\/www.eps.com.do\/en\/tarifas\/","name":"Rates - EPS","isPartOf":{"@id":"https:\/\/www.eps.com.do\/en\/#website"},"primaryImageOfPage":{"@id":"https:\/\/www.eps.com.do\/en\/tarifas\/#primaryimage"},"image":{"@id":"https:\/\/www.eps.com.do\/tarifas\/#primaryimage"},"thumbnailUrl":"https:\/\/www.eps.com.do\/wp-content\/uploads\/2024\/06\/tarifaas.jpg","datePublished":"2020-09-17T19:08:30+00:00","dateModified":"2024-06-14T07:45:07+00:00","description":"Contamos tarifas ajustadas a las necesidades de nuestros clientes.","inLanguage":"en-US","potentialAction":[{"@type":"ReadAction","target":[["https:\/\/www.eps.com.do\/en\/tarifas\/"]]}]},{"@type":"ImageObject","inLanguage":"en-US","@id":"https:\/\/www.eps.com.do\/en\/tarifas\/#primaryimage","url":"https:\/\/www.eps.com.do\/wp-content\/uploads\/2024\/06\/tarifaas.jpg","contentUrl":"https:\/\/www.eps.com.do\/wp-content\/uploads\/2024\/06\/tarifaas.jpg","width":1920,"height":1082},{"@type":"WebSite","@id":"https:\/\/www.eps.com.do\/en\/#website","url":"https:\/\/www.eps.com.do\/en\/","name":"EPS","description":"Transportamos tus env\u00edos y cargas con la mayor rapidez y seguridad","publisher":{"@id":"https:\/\/www.eps.com.do\/en\/#organization"},"alternateName":"Express Parcel Service International","potentialAction":[{"@type":"SearchAction","target":{"@type":"EntryPoint","urlTemplate":"https:\/\/www.eps.com.do\/en\/?s={search_term_string}"},"query-input":{"@type":"PropertyValueSpecification","valueRequired":true,"valueName":"search_term_string"}}],"inLanguage":"en-US"},{"@type":"Organization","@id":"https:\/\/www.eps.com.do\/en\/#organization","name":"EPS","alternateName":"EPS","url":"https:\/\/www.eps.com.do\/en\/","logo":{"@type":"ImageObject","inLanguage":"en-US","@id":"https:\/\/www.eps.com.do\/en\/#\/schema\/logo\/image\/","url":"https:\/\/www.eps.com.do\/wp-content\/uploads\/2025\/04\/logo-eps.jpg","contentUrl":"https:\/\/www.eps.com.do\/wp-content\/uploads\/2025\/04\/logo-eps.jpg","width":696,"height":696,"caption":"EPS"},"image":{"@id":"https:\/\/www.eps.com.do\/en\/#\/schema\/logo\/image\/"},"sameAs":["https:\/\/www.facebook.com\/EPSINTL\/?locale=es_LA","https:\/\/www.youtube.com\/@EPSCourier","https:\/\/www.instagram.com\/epsintl\/?hl=es","https:\/\/do.linkedin.com\/company\/epsintl"]}]}},"_links":{"self":[{"href":"https:\/\/www.eps.com.do\/en\/wp-json\/wp\/v2\/pages\/371","targetHints":{"allow":["GET"]}}],"collection":[{"href":"https:\/\/www.eps.com.do\/en\/wp-json\/wp\/v2\/pages"}],"about":[{"href":"https:\/\/www.eps.com.do\/en\/wp-json\/wp\/v2\/types\/page"}],"author":[{"embeddable":true,"href":"https:\/\/www.eps.com.do\/en\/wp-json\/wp\/v2\/users\/8"}],"replies":[{"embeddable":true,"href":"https:\/\/www.eps.com.do\/en\/wp-json\/wp\/v2\/comments?post=371"}],"version-history":[{"count":0,"href":"https:\/\/www.eps.com.do\/en\/wp-json\/wp\/v2\/pages\/371\/revisions"}],"wp:featuredmedia":[{"embeddable":true,"href":"https:\/\/www.eps.com.do\/en\/wp-json\/wp\/v2\/media\/2943"}],"wp:attachment":[{"href":"https:\/\/www.eps.com.do\/en\/wp-json\/wp\/v2\/media?parent=371"}],"curies":[{"name":"wp","href":"https:\/\/api.w.org\/{rel}","templated":true}]}}