{"id":314,"date":"2020-09-17T16:04:16","date_gmt":"2020-09-17T16:04:16","guid":{"rendered":"http:\/\/localhost\/?page_id=314"},"modified":"2024-12-05T20:36:31","modified_gmt":"2024-12-05T20:36:31","slug":"sobre-eps","status":"publish","type":"page","link":"https:\/\/www.eps.com.do\/en\/sobre-eps\/","title":{"rendered":"About EPS"},"content":{"rendered":"<p><\/p>\n<div class=\"col-sm-10 text-center\">\n<div class=\"intro intronosotros\">\n<p>Express Parcel Service International (EPS) since 1989 is the first courier company in the Dominican Republic with more than 35 years of experience in the service of express transport, cargo and merchandise handling reaching the entire national territory through our more than 100 offices, and to more than 200 countries around the world.<\/p>\n<p>We offer Dominicans opportunities for personal and economic development of the country, providing logistics services for importers and exporters, as well as for entrepreneurs through multiple services supported by our technological platforms and extensive network of allies aimed at providing exceptional service at every opportunity.<\/p>\n<\/div>\n<\/div>\n<p><\/p>","protected":false},"excerpt":{"rendered":"<p>Express Parcel Service International (EPS) since 1989 is the first courier company in the Dominican Republic with more than 35 years of experience in the service of express transport, cargo and merchandise [&hellip;]<\/p>\n","protected":false},"author":8,"featured_media":3108,"parent":0,"menu_order":0,"comment_status":"closed","ping_status":"closed","template":"","meta":{"_acf_changed":false,"footnotes":""},"class_list":["post-314","page","type-page","status-publish","has-post-thumbnail","hentry"],"acf":[],"yoast_head":"<!-- This site is optimized with the Yoast SEO plugin v27.2 - https:\/\/yoast.com\/product\/yoast-seo-wordpress\/ -->\n<title>About EPS - EPS<\/title>\n<meta name=\"description\" content=\"Somos el courier pionero y experto en el transporte expreso de mercanc\u00edas, documentos y correspondencias a nivel nacional e internacional.\" \/>\n<meta name=\"robots\" content=\"index, follow, max-snippet:-1, max-image-preview:large, max-video-preview:-1\" \/>\n<link rel=\"canonical\" href=\"https:\/\/www.eps.com.do\/en\/sobre-eps\/\" \/>\n<meta property=\"og:locale\" content=\"en_US\" \/>\n<meta property=\"og:type\" content=\"article\" \/>\n<meta property=\"og:title\" content=\"EPS - Acerca de nosotros\" \/>\n<meta property=\"og:description\" content=\"Somos la primera empresa courier de la Rep\u00fablica Dominicana con m\u00e1s de 30 a\u00f1os de experiencia.\" \/>\n<meta property=\"og:url\" content=\"https:\/\/www.eps.com.do\/en\/sobre-eps\/\" \/>\n<meta property=\"og:site_name\" content=\"EPS\" \/>\n<meta property=\"article:publisher\" content=\"https:\/\/www.facebook.com\/EPSINTL\/?locale=es_LA\" \/>\n<meta property=\"article:modified_time\" content=\"2024-12-05T20:36:31+00:00\" \/>\n<meta property=\"og:image\" content=\"https:\/\/www.eps.com.do\/wp-content\/uploads\/2025\/04\/eps.jpg\" \/>\n\t<meta property=\"og:image:width\" content=\"1200\" \/>\n\t<meta property=\"og:image:height\" content=\"675\" \/>\n\t<meta property=\"og:image:type\" content=\"image\/jpeg\" \/>\n<meta name=\"twitter:card\" content=\"summary_large_image\" \/>\n<meta name=\"twitter:title\" content=\"EPS - Acerca de nosotros\" \/>\n<meta name=\"twitter:description\" content=\"Somos la primera empresa courier de la Rep\u00fablica Dominicana con m\u00e1s de 30 a\u00f1os de experiencia.\" \/>\n<script type=\"application\/ld+json\" class=\"yoast-schema-graph\">{\"@context\":\"https:\/\/schema.org\",\"@graph\":[{\"@type\":\"WebPage\",\"@id\":\"https:\/\/www.eps.com.do\/en\/sobre-eps\/\",\"url\":\"https:\/\/www.eps.com.do\/en\/sobre-eps\/\",\"name\":\"About EPS - EPS\",\"isPartOf\":{\"@id\":\"https:\/\/www.eps.com.do\/en\/#website\"},\"primaryImageOfPage\":{\"@id\":\"https:\/\/www.eps.com.do\/en\/sobre-eps\/#primaryimage\"},\"image\":{\"@id\":\"https:\/\/www.eps.com.do\/sobre-eps\/#primaryimage\"},\"thumbnailUrl\":\"https:\/\/www.eps.com.do\/wp-content\/uploads\/2024\/06\/banner-1.jpg\",\"datePublished\":\"2020-09-17T16:04:16+00:00\",\"dateModified\":\"2024-12-05T20:36:31+00:00\",\"description\":\"Somos el courier pionero y experto en el transporte expreso de mercanc\u00edas, documentos y correspondencias a nivel nacional e internacional.\",\"inLanguage\":\"en-US\",\"potentialAction\":[{\"@type\":\"ReadAction\",\"target\":[[\"https:\/\/www.eps.com.do\/en\/sobre-eps\/\"]]}]},{\"@type\":\"ImageObject\",\"inLanguage\":\"en-US\",\"@id\":\"https:\/\/www.eps.com.do\/en\/sobre-eps\/#primaryimage\",\"url\":\"https:\/\/www.eps.com.do\/wp-content\/uploads\/2024\/06\/banner-1.jpg\",\"contentUrl\":\"https:\/\/www.eps.com.do\/wp-content\/uploads\/2024\/06\/banner-1.jpg\",\"width\":1083,\"height\":688},{\"@type\":\"WebSite\",\"@id\":\"https:\/\/www.eps.com.do\/en\/#website\",\"url\":\"https:\/\/www.eps.com.do\/en\/\",\"name\":\"EPS\",\"description\":\"Transportamos tus env\u00edos y cargas con la mayor rapidez y seguridad\",\"publisher\":{\"@id\":\"https:\/\/www.eps.com.do\/en\/#organization\"},\"alternateName\":\"Express Parcel Service International\",\"potentialAction\":[{\"@type\":\"SearchAction\",\"target\":{\"@type\":\"EntryPoint\",\"urlTemplate\":\"https:\/\/www.eps.com.do\/en\/?s={search_term_string}\"},\"query-input\":{\"@type\":\"PropertyValueSpecification\",\"valueRequired\":true,\"valueName\":\"search_term_string\"}}],\"inLanguage\":\"en-US\"},{\"@type\":\"Organization\",\"@id\":\"https:\/\/www.eps.com.do\/en\/#organization\",\"name\":\"EPS\",\"alternateName\":\"EPS\",\"url\":\"https:\/\/www.eps.com.do\/en\/\",\"logo\":{\"@type\":\"ImageObject\",\"inLanguage\":\"en-US\",\"@id\":\"https:\/\/www.eps.com.do\/en\/#\/schema\/logo\/image\/\",\"url\":\"https:\/\/www.eps.com.do\/wp-content\/uploads\/2025\/04\/logo-eps.jpg\",\"contentUrl\":\"https:\/\/www.eps.com.do\/wp-content\/uploads\/2025\/04\/logo-eps.jpg\",\"width\":696,\"height\":696,\"caption\":\"EPS\"},\"image\":{\"@id\":\"https:\/\/www.eps.com.do\/en\/#\/schema\/logo\/image\/\"},\"sameAs\":[\"https:\/\/www.facebook.com\/EPSINTL\/?locale=es_LA\",\"https:\/\/www.youtube.com\/@EPSCourier\",\"https:\/\/www.instagram.com\/epsintl\/?hl=es\",\"https:\/\/do.linkedin.com\/company\/epsintl\"]}]}<\/script>\n<!-- \/ Yoast SEO plugin. -->","yoast_head_json":{"title":"About EPS - EPS","description":"Somos el courier pionero y experto en el transporte expreso de mercanc\u00edas, documentos y correspondencias a nivel nacional e internacional.","robots":{"index":"index","follow":"follow","max-snippet":"max-snippet:-1","max-image-preview":"max-image-preview:large","max-video-preview":"max-video-preview:-1"},"canonical":"https:\/\/www.eps.com.do\/en\/sobre-eps\/","og_locale":"en_US","og_type":"article","og_title":"EPS - Acerca de nosotros","og_description":"Somos la primera empresa courier de la Rep\u00fablica Dominicana con m\u00e1s de 30 a\u00f1os de experiencia.","og_url":"https:\/\/www.eps.com.do\/en\/sobre-eps\/","og_site_name":"EPS","article_publisher":"https:\/\/www.facebook.com\/EPSINTL\/?locale=es_LA","article_modified_time":"2024-12-05T20:36:31+00:00","og_image":[{"width":1200,"height":675,"url":"https:\/\/www.eps.com.do\/wp-content\/uploads\/2025\/04\/eps.jpg","type":"image\/jpeg"}],"twitter_card":"summary_large_image","twitter_title":"EPS - Acerca de nosotros","twitter_description":"Somos la primera empresa courier de la Rep\u00fablica Dominicana con m\u00e1s de 30 a\u00f1os de experiencia.","schema":{"@context":"https:\/\/schema.org","@graph":[{"@type":"WebPage","@id":"https:\/\/www.eps.com.do\/en\/sobre-eps\/","url":"https:\/\/www.eps.com.do\/en\/sobre-eps\/","name":"About EPS - EPS","isPartOf":{"@id":"https:\/\/www.eps.com.do\/en\/#website"},"primaryImageOfPage":{"@id":"https:\/\/www.eps.com.do\/en\/sobre-eps\/#primaryimage"},"image":{"@id":"https:\/\/www.eps.com.do\/sobre-eps\/#primaryimage"},"thumbnailUrl":"https:\/\/www.eps.com.do\/wp-content\/uploads\/2024\/06\/banner-1.jpg","datePublished":"2020-09-17T16:04:16+00:00","dateModified":"2024-12-05T20:36:31+00:00","description":"Somos el courier pionero y experto en el transporte expreso de mercanc\u00edas, documentos y correspondencias a nivel nacional e internacional.","inLanguage":"en-US","potentialAction":[{"@type":"ReadAction","target":[["https:\/\/www.eps.com.do\/en\/sobre-eps\/"]]}]},{"@type":"ImageObject","inLanguage":"en-US","@id":"https:\/\/www.eps.com.do\/en\/sobre-eps\/#primaryimage","url":"https:\/\/www.eps.com.do\/wp-content\/uploads\/2024\/06\/banner-1.jpg","contentUrl":"https:\/\/www.eps.com.do\/wp-content\/uploads\/2024\/06\/banner-1.jpg","width":1083,"height":688},{"@type":"WebSite","@id":"https:\/\/www.eps.com.do\/en\/#website","url":"https:\/\/www.eps.com.do\/en\/","name":"EPS","description":"Transportamos tus env\u00edos y cargas con la mayor rapidez y seguridad","publisher":{"@id":"https:\/\/www.eps.com.do\/en\/#organization"},"alternateName":"Express Parcel Service International","potentialAction":[{"@type":"SearchAction","target":{"@type":"EntryPoint","urlTemplate":"https:\/\/www.eps.com.do\/en\/?s={search_term_string}"},"query-input":{"@type":"PropertyValueSpecification","valueRequired":true,"valueName":"search_term_string"}}],"inLanguage":"en-US"},{"@type":"Organization","@id":"https:\/\/www.eps.com.do\/en\/#organization","name":"EPS","alternateName":"EPS","url":"https:\/\/www.eps.com.do\/en\/","logo":{"@type":"ImageObject","inLanguage":"en-US","@id":"https:\/\/www.eps.com.do\/en\/#\/schema\/logo\/image\/","url":"https:\/\/www.eps.com.do\/wp-content\/uploads\/2025\/04\/logo-eps.jpg","contentUrl":"https:\/\/www.eps.com.do\/wp-content\/uploads\/2025\/04\/logo-eps.jpg","width":696,"height":696,"caption":"EPS"},"image":{"@id":"https:\/\/www.eps.com.do\/en\/#\/schema\/logo\/image\/"},"sameAs":["https:\/\/www.facebook.com\/EPSINTL\/?locale=es_LA","https:\/\/www.youtube.com\/@EPSCourier","https:\/\/www.instagram.com\/epsintl\/?hl=es","https:\/\/do.linkedin.com\/company\/epsintl"]}]}},"_links":{"self":[{"href":"https:\/\/www.eps.com.do\/en\/wp-json\/wp\/v2\/pages\/314","targetHints":{"allow":["GET"]}}],"collection":[{"href":"https:\/\/www.eps.com.do\/en\/wp-json\/wp\/v2\/pages"}],"about":[{"href":"https:\/\/www.eps.com.do\/en\/wp-json\/wp\/v2\/types\/page"}],"author":[{"embeddable":true,"href":"https:\/\/www.eps.com.do\/en\/wp-json\/wp\/v2\/users\/8"}],"replies":[{"embeddable":true,"href":"https:\/\/www.eps.com.do\/en\/wp-json\/wp\/v2\/comments?post=314"}],"version-history":[{"count":0,"href":"https:\/\/www.eps.com.do\/en\/wp-json\/wp\/v2\/pages\/314\/revisions"}],"wp:featuredmedia":[{"embeddable":true,"href":"https:\/\/www.eps.com.do\/en\/wp-json\/wp\/v2\/media\/3108"}],"wp:attachment":[{"href":"https:\/\/www.eps.com.do\/en\/wp-json\/wp\/v2\/media?parent=314"}],"curies":[{"name":"wp","href":"https:\/\/api.w.org\/{rel}","templated":true}]}}